{"id":1937,"date":"2022-10-25T11:34:51","date_gmt":"2022-10-25T11:34:51","guid":{"rendered":"https:\/\/startersites.io\/blocksy\/restaurant\/?page_id=7"},"modified":"2026-04-20T21:24:43","modified_gmt":"2026-04-20T19:24:43","slug":"home","status":"publish","type":"page","link":"https:\/\/fredgad.ovh\/","title":{"rendered":"Home"},"content":{"rendered":"\n<div class=\"wp-block-stackable-columns alignfull stk-block-columns stk-block stk-3e9e727 stk-block-background stk--has-background-overlay\" data-block-id=\"3e9e727\"><style>.stk-3e9e727 {background-color:#000000 !important;background-image:url(https:\/\/fredgad.ovh\/wp-content\/uploads\/2024\/06\/image2-2-scaled.jpg) !important;min-height:var(--stk--preset--block-height--x-large, 24rem) !important;align-items:center !important;padding-top:200px !important;padding-right:0px !important;padding-bottom:200px !important;margin-bottom:0px !important;display:flex !important;}.stk-3e9e727:before{background-color:#000000 !important;opacity:0.5 !important;}@media screen and (max-width:999px){.stk-3e9e727 {padding-top:200px !important;padding-bottom:200px !important;}}<\/style><div class=\"stk-row stk-inner-blocks stk-block-content stk-content-align stk-3e9e727-column alignwide\">\n<div class=\"wp-block-stackable-column stk-block-column stk-column stk-block stk-79a559e\" data-v=\"4\" data-block-id=\"79a559e\"><style>.stk-79a559e-container{margin-top:0px !important;margin-right:0px !important;margin-bottom:0px !important;margin-left:0px !important;max-width:1500px !important;min-width:auto !important;}.stk-79a559e {min-height:var(--stk--preset--block-height--x-large, 24rem) !important;max-width:900px !important;min-width:auto !important;margin-right:auto !important;margin-left:auto !important;}@media screen and (max-width:999px){.stk-79a559e {max-width:600px !important;min-width:auto !important;}}<\/style><div class=\"stk-column-wrapper stk-block-column__content stk-container stk-79a559e-container stk--no-background stk--no-padding\"><div class=\"has-text-align-center stk-block-content stk-inner-blocks stk-79a559e-inner-blocks\">\n\n<\/div><\/div><\/div>\n<\/div><\/div>\n\n\n\n\n\n<div class=\"wp-block-stackable-spacer stk-block-spacer stk--no-padding stk-block stk-2be56e2\" data-block-id=\"2be56e2\"><style>.stk-2be56e2 {height:130px !important;}@media screen and (max-width:999px){.stk-2be56e2 {height:80px !important;}}<\/style><\/div>\n\n\n\n<div class=\"wp-block-stackable-columns stk-block-columns stk-block stk-7201aba\" data-block-id=\"7201aba\"><style>.stk-7201aba .stk--block-align-7201aba{align-items:center !important;}.stk-7201aba {margin-bottom:0px !important;}@media screen and (max-width:999px){.stk-7201aba-column{row-gap:50px !important;}}<\/style><div class=\"stk-row stk-inner-blocks stk--block-align-7201aba stk-block-content stk-content-align stk-7201aba-column\">\n<div class=\"wp-block-stackable-column stk-block-column stk-column stk-block stk-f227aed\" data-v=\"4\" data-block-id=\"f227aed\"><style>.stk-f227aed-container{margin-top:0px !important;margin-right:0px !important;margin-bottom:0px !important;margin-left:0px !important;}@media screen and (min-width:690px){.stk-f227aed {flex:var(--stk-flex-grow, 1) 1 calc(38% - var(--stk-column-gap, 0px) * 2 \/ 3 ) !important;}}@media screen and (min-width:690px) and (max-width:999px){.stk-f227aed {flex:var(--stk-flex-grow, 1) 1 calc(60% - var(--stk-column-gap, 0px) * 1 \/ 2 ) !important;}}<\/style><div class=\"stk-column-wrapper stk-block-column__content stk-container stk-f227aed-container stk--no-background stk--no-padding\"><div class=\"stk-block-content stk-inner-blocks stk-f227aed-inner-blocks\">\n<div class=\"wp-block-stackable-image stk-block-image stk-block stk-bd3f227\" data-block-id=\"bd3f227\"><style>.stk-bd3f227 .stk-img-wrapper{width:90% !important;}<\/style><figure><span class=\"stk-img-wrapper stk-image--shape-stretch\"><img loading=\"lazy\" decoding=\"async\" class=\"stk-img wp-image-1293\" src=\"https:\/\/fredgad.ovh\/wp-content\/uploads\/2026\/03\/image1-5-edited-scaled.jpg\" width=\"1439\" height=\"2560\" srcset=\"https:\/\/fredgad.ovh\/wp-content\/uploads\/2026\/03\/image1-5-edited-scaled.jpg 1439w, https:\/\/fredgad.ovh\/wp-content\/uploads\/2026\/03\/image1-5-edited-169x300.jpg 169w, https:\/\/fredgad.ovh\/wp-content\/uploads\/2026\/03\/image1-5-edited-576x1024.jpg 576w, https:\/\/fredgad.ovh\/wp-content\/uploads\/2026\/03\/image1-5-edited-768x1366.jpg 768w, https:\/\/fredgad.ovh\/wp-content\/uploads\/2026\/03\/image1-5-edited-863x1536.jpg 863w, https:\/\/fredgad.ovh\/wp-content\/uploads\/2026\/03\/image1-5-edited-1151x2048.jpg 1151w\" sizes=\"auto, (max-width: 1439px) 100vw, 1439px\" \/><\/span><\/figure><\/div>\n<\/div><\/div><\/div>\n\n\n\n<div class=\"wp-block-stackable-column stk-block-column stk-column stk-block stk-20a8be6 stk-block-background stk--has-background-overlay\" data-v=\"4\" data-block-id=\"20a8be6\"><style>.stk-20a8be6-container{margin-top:0px !important;margin-right:0px !important;margin-bottom:0px !important;margin-left:0px !important;}.stk-20a8be6 {background-image:url(https:\/\/fredgad.ovh\/wp-content\/uploads\/2026\/04\/P1010267-edited.jpg) !important;background-position:center right !important;}@media screen and (min-width:690px){.stk-20a8be6 {flex:var(--stk-flex-grow, 1) 1 calc(17% - var(--stk-column-gap, 0px) * 2 \/ 3 ) !important;}}@media screen and (min-width:690px) and (max-width:999px){.stk-20a8be6 {flex:var(--stk-flex-grow, 1) 1 calc(40% - var(--stk-column-gap, 0px) * 1 \/ 2 ) !important;}}<\/style><div class=\"stk-column-wrapper stk-block-column__content stk-container stk-20a8be6-container stk--no-background stk--no-padding\"><div class=\"stk-block-content stk-inner-blocks stk-20a8be6-inner-blocks\">\n<div class=\"wp-block-stackable-spacer stk-block-spacer stk--no-padding stk-block stk-28bf675\" data-block-id=\"28bf675\"><style>.stk-28bf675 {height:500px !important;top:-7px !important;right:21px !important;}@media screen and (max-width:999px){.stk-28bf675 {height:350px !important;}}<\/style><\/div>\n<\/div><\/div><\/div>\n\n\n\n<div class=\"wp-block-stackable-column stk-block-column stk-column stk-block stk-3e0095f\" data-v=\"4\" data-block-id=\"3e0095f\"><style>.stk-3e0095f-container{margin-top:0px !important;margin-right:0px !important;margin-bottom:0px !important;margin-left:0px !important;}.stk-3e0095f {align-self:center !important;padding-left:100px !important;}@media screen and (min-width:690px){.stk-3e0095f {flex:var(--stk-flex-grow, 1) 1 calc(45% - var(--stk-column-gap, 0px) * 2 \/ 3 ) !important;}}@media screen and (min-width:690px) and (max-width:999px){.stk-3e0095f {flex:var(--stk-flex-grow, 1) 1 calc(100% - var(--stk-column-gap, 0px) * 0 \/ 1 ) !important;}}@media screen and (max-width:999px){.stk-3e0095f {padding-left:0px !important;}}<\/style><div class=\"stk-column-wrapper stk-block-column__content stk-container stk-3e0095f-container stk--no-background stk--no-padding\"><div class=\"stk-block-content stk-inner-blocks stk-3e0095f-inner-blocks\">\n<div class=\"wp-block-stackable-heading stk-block-heading stk-block-heading--v2 stk-block stk-52035b0\" id=\"le-terroir\" data-block-id=\"52035b0\"><style>.stk-52035b0 {margin-bottom:20px !important;}<\/style><h2 class=\"stk-block-heading__text stk-block-heading--use-theme-margins\">Le Terroir<\/h2><\/div>\n\n\n\n<div class=\"wp-block-stackable-text stk-block-text stk-block stk-25b0285\" data-block-id=\"25b0285\"><style>.stk-25b0285 {margin-bottom:50px !important;}<\/style><p class=\"stk-block-text__text\">Au c\u0153ur du vignoble de Savoie, le domaine de 4,5 hectares s&rsquo;\u00e9tend sur les coteaux de Chignin, Apremont, et Myans.<br><br>Les parcelles b\u00e9n\u00e9ficient d&rsquo;un ensoleillement exceptionnel qui permet au raisin d&rsquo;acqu\u00e9rir une belle maturit\u00e9.<br><br>Elles sont situ\u00e9es \u00e0 une altitude de 400 m, et profitent d&rsquo;un climat continental avec une influence alpine.<\/p><\/div>\n\n\n<\/div><\/div><\/div>\n<\/div><\/div>\n\n\n\n<div class=\"wp-block-stackable-spacer stk-block-spacer stk--no-padding stk-block stk-80c8951\" data-block-id=\"80c8951\"><style>.stk-80c8951 {height:130px !important;}@media screen and (max-width:999px){.stk-80c8951 {height:80px !important;}}<\/style><\/div>\n\n\n\n<div class=\"wp-block-stackable-columns alignfull stk-block-columns stk-block stk-10bd028\" data-block-id=\"10bd028\"><style>.stk-10bd028 {padding-top:130px !important;padding-bottom:0px !important;margin-bottom:0px !important;}@media screen and (max-width:999px){.stk-10bd028 {padding-top:80px !important;}}<\/style><div class=\"stk-row stk-inner-blocks stk-block-content stk-content-align stk-10bd028-column\">\n<div class=\"wp-block-stackable-column stk-block-column stk-column stk-block stk-f6ae7e9\" data-v=\"4\" data-block-id=\"f6ae7e9\"><style>.stk-f6ae7e9-container{margin-top:0px !important;margin-right:0px !important;margin-bottom:0px !important;margin-left:0px !important;}<\/style><div class=\"stk-column-wrapper stk-block-column__content stk-container stk-f6ae7e9-container stk--no-background stk--no-padding\"><div class=\"stk-block-content stk-inner-blocks stk-f6ae7e9-inner-blocks\">\n<div class=\"wp-block-stackable-heading stk-block-heading stk-block-heading--v2 stk-block stk-a618d67\" id=\"le-vigneron\" data-block-id=\"a618d67\"><style>.stk-a618d67 {margin-bottom:20px !important;}<\/style><h2 class=\"stk-block-heading__text has-text-align-center stk-block-heading--use-theme-margins\">Le Vigneron<\/h2><\/div>\n\n\n\n<div class=\"wp-block-stackable-text stk-block-text stk-block stk-f0852ac\" data-block-id=\"f0852ac\"><style>.stk-f0852ac {max-width:700px !important;min-width:auto !important;margin-right:auto !important;margin-bottom:50px !important;margin-left:auto !important;}<\/style><p class=\"stk-block-text__text has-text-align-center\">Etiam convallis elementum sapien, a aliquam turpis aliquam vitae. Praesent sollicitudin felis vel mi facilisis posuere. Nulla ultrices facilisis.<\/p><\/div>\n<\/div><\/div><\/div>\n\n\n\n<div class=\"wp-block-stackable-column stk-block-column stk-column stk-block stk-c610024\" data-v=\"4\" data-block-id=\"c610024\"><style>.stk-c610024-container{margin-top:0px !important;margin-right:0px !important;margin-bottom:0px !important;margin-left:0px !important;}<\/style><div class=\"stk-column-wrapper stk-block-column__content stk-container stk-c610024-container stk--no-background stk--no-padding\"><div class=\"stk-block-content stk-inner-blocks stk-c610024-inner-blocks\">\n<div class=\"wp-block-stackable-image stk-block-image has-text-align-right stk-block stk-91b1611\" data-block-id=\"91b1611\"><style>.stk-91b1611 .stk-img-wrapper{width:69% !important;}.stk-91b1611 .stk-img-wrapper img{transform:scale(1) !important;}<\/style><figure><span class=\"stk-img-wrapper stk-image--shape-stretch\"><img loading=\"lazy\" decoding=\"async\" class=\"stk-img wp-image-1314\" src=\"https:\/\/fredgad.ovh\/wp-content\/uploads\/2026\/03\/Paul_DPG_V1-edited-scaled.jpg\" width=\"1441\" height=\"2560\" srcset=\"https:\/\/fredgad.ovh\/wp-content\/uploads\/2026\/03\/Paul_DPG_V1-edited-scaled.jpg 1441w, https:\/\/fredgad.ovh\/wp-content\/uploads\/2026\/03\/Paul_DPG_V1-edited-169x300.jpg 169w, https:\/\/fredgad.ovh\/wp-content\/uploads\/2026\/03\/Paul_DPG_V1-edited-576x1024.jpg 576w, https:\/\/fredgad.ovh\/wp-content\/uploads\/2026\/03\/Paul_DPG_V1-edited-768x1364.jpg 768w, https:\/\/fredgad.ovh\/wp-content\/uploads\/2026\/03\/Paul_DPG_V1-edited-865x1536.jpg 865w, https:\/\/fredgad.ovh\/wp-content\/uploads\/2026\/03\/Paul_DPG_V1-edited-1153x2048.jpg 1153w\" sizes=\"auto, (max-width: 1441px) 100vw, 1441px\" \/><\/span><\/figure><\/div>\n<\/div><\/div><\/div>\n<\/div><\/div>\n\n\n\n<div class=\"wp-block-stackable-columns alignfull stk-block-columns stk-block stk-a1ed55a stk-block-background\" data-block-id=\"a1ed55a\"><style>.stk-a1ed55a {background-color:var(--theme-palette-color-6, #242a24) !important;padding-top:50px !important;padding-bottom:50px !important;margin-bottom:0px !important;}.stk-a1ed55a:before{background-color:var(--theme-palette-color-6, #242a24) !important;}@media screen and (max-width:689px){.stk-a1ed55a-column{row-gap:50px !important;}}<\/style><div class=\"stk-row stk-inner-blocks stk-block-content stk-content-align stk-a1ed55a-column\">\n<div class=\"wp-block-stackable-column stk-block-column stk-column stk-block stk-4f8b64e\" data-v=\"4\" data-block-id=\"4f8b64e\"><style>.stk-4f8b64e-container{margin-top:0px !important;margin-right:0px !important;margin-bottom:0px !important;margin-left:0px !important;}<\/style><div class=\"stk-column-wrapper stk-block-column__content stk-container stk-4f8b64e-container stk--no-background stk--no-padding\"><div class=\"stk-block-content stk-inner-blocks stk-4f8b64e-inner-blocks\">\n<div class=\"wp-block-stackable-heading stk-block-heading stk-block-heading--v2 stk-block stk-3a40c43\" id=\"paul\" data-block-id=\"3a40c43\"><style>.stk-3a40c43 {margin-bottom:10px !important;}<\/style><h5 class=\"stk-block-heading__text has-text-align-left stk-block-heading--use-theme-margins\">Paul<\/h5><\/div>\n\n\n\n<div class=\"wp-block-stackable-text stk-block-text stk-block stk-adaa8e9\" data-block-id=\"adaa8e9\"><style>.stk-adaa8e9 {margin-bottom:20px !important;}.stk-adaa8e9 .stk-block-text__text{font-weight:500 !important;}<\/style><p class=\"stk-block-text__text has-text-align-center\"><\/p><\/div>\n\n\n<\/div><\/div><\/div>\n<\/div><\/div>\n\n\n\n<div class=\"wp-block-stackable-spacer stk-block-spacer stk--no-padding stk-block stk-06b8095\" data-block-id=\"06b8095\"><style>.stk-06b8095 {height:130px !important;}@media screen and (max-width:999px){.stk-06b8095 {height:80px !important;}}<\/style><\/div>\n\n\n\n\n\n\n\n<div class=\"wp-block-stackable-spacer stk-block-spacer stk--no-padding stk-block stk-bf48707\" data-block-id=\"bf48707\"><style>.stk-bf48707 {height:130px !important;}@media screen and (max-width:999px){.stk-bf48707 {height:80px !important;}}<\/style><\/div>\n\n\n\n\n\n<div class=\"wp-block-stackable-spacer stk-block-spacer stk--no-padding stk-block stk-30a15c5\" data-block-id=\"30a15c5\"><style>.stk-30a15c5 {height:130px !important;}@media screen and (max-width:999px){.stk-30a15c5 {height:80px !important;}}<\/style><\/div>\n\n\n\n\n\n<div class=\"wp-block-stackable-spacer stk-block-spacer stk--no-padding stk-block stk-4fd2a0a\" data-block-id=\"4fd2a0a\"><style>.stk-4fd2a0a {height:130px !important;}@media screen and (max-width:999px){.stk-4fd2a0a {height:80px !important;}}<\/style><\/div>\n\n\n\n\n\n<div class=\"wp-block-stackable-spacer stk-block-spacer stk--no-padding stk-block stk-bed78fc\" data-block-id=\"bed78fc\"><style>.stk-bed78fc {height:130px !important;}@media screen and (max-width:999px){.stk-bed78fc {height:80px !important;}}<\/style><\/div>\n","protected":false},"excerpt":{"rendered":"<p>Work Hours Mon &#8211; Sun \/ 12 am &#8211; 12pm Book a Table (850) 324-7023 Best Menu Taste the difference Le Terroir Au c\u0153ur du vignoble de Savoie, le domaine de 4,5 hectares s&rsquo;\u00e9tend sur les coteaux de Chignin, Apremont, et Myans. Les parcelles b\u00e9n\u00e9ficient d&rsquo;un ensoleillement exceptionnel qui permet au raisin d&rsquo;acqu\u00e9rir une belle [&hellip;]<\/p>\n","protected":false},"author":1,"featured_media":0,"parent":0,"menu_order":0,"comment_status":"closed","ping_status":"closed","template":"","meta":{"_uag_custom_page_level_css":"","footnotes":""},"class_list":["post-1937","page","type-page","status-publish","hentry"],"blocksy_meta":{"styles_descriptor":{"styles":{"desktop":"","tablet":"","mobile":""},"google_fonts":[],"version":6},"page_title_panel":"","has_hero_section":"disabled","f9f2d37d4e04dfaa532743f7e73bdc98":"","hero_section":"type-1","hero_elements":[{"id":"custom_title","enabled":true,"heading_tag":"h1","title":"Home"},{"id":"custom_description","enabled":true,"description_visibility":{"desktop":true,"tablet":true,"mobile":false}},{"id":"custom_meta","enabled":false,"meta_elements":[{"id":"author","enabled":true,"label":"By","has_author_avatar":"yes","avatar_size":25},{"id":"post_date","enabled":true,"label":"On","date_format_source":"default","date_format":"M j, Y"},{"id":"updated_date","enabled":false,"label":"On","date_format_source":"default","date_format":"M j, Y"},{"id":"categories","enabled":false,"label":"In","style":"simple"},{"id":"comments","enabled":true}],"page_meta_elements":{"joined":true,"articles_count":true,"comments":true}},{"id":"breadcrumbs","enabled":false}],"6124d270c8ce154922fed58bbcb81429":"","hero_alignment1":"CT_CSS_SKIP_RULE","hero_margin":40,"hero_alignment2":"center","hero_vertical_alignment":"center","e0eb2059aed5d7031a4364a72ede951b":"","hero_structure":"narrow","fb62d940ebbaeeabb0b172e369f61bee":"","page_title_bg_type":"featured_image","custom_hero_background":{"attachment_id":null},"page_title_image_size":"full","parallax":{"desktop":false,"tablet":false,"mobile":false},"696486343bdc3702fc444be334035624":"","hero_height":"250px","pageTitleFont":{"family":"Default","variation":"Default","size":"30px","line-height":"CT_CSS_SKIP_RULE","letter-spacing":"CT_CSS_SKIP_RULE","text-transform":"CT_CSS_SKIP_RULE","text-decoration":"CT_CSS_SKIP_RULE"},"pageTitleFontColor":{"default":{"color":"CT_CSS_SKIP_RULEDEFAULT"}},"pageMetaFont":{"family":"Default","variation":"n6","size":"12px","line-height":"1.3","letter-spacing":"CT_CSS_SKIP_RULE","text-transform":"uppercase","text-decoration":"CT_CSS_SKIP_RULE"},"pageMetaFontColor":{"default":{"color":"CT_CSS_SKIP_RULEDEFAULT"},"hover":{"color":"CT_CSS_SKIP_RULEDEFAULT"}},"page_meta_button_type_font_colors":{"default":{"color":"CT_CSS_SKIP_RULEDEFAULT"},"hover":{"color":"CT_CSS_SKIP_RULEDEFAULT"}},"page_meta_button_type_background_colors":{"default":{"color":"CT_CSS_SKIP_RULEDEFAULT"},"hover":{"color":"CT_CSS_SKIP_RULEDEFAULT"}},"pageExcerptFont":{"family":"Default","variation":"Default","size":"CT_CSS_SKIP_RULE","line-height":"CT_CSS_SKIP_RULE","letter-spacing":"CT_CSS_SKIP_RULE","text-transform":"CT_CSS_SKIP_RULE","text-decoration":"CT_CSS_SKIP_RULE"},"pageExcerptColor":{"default":{"color":"CT_CSS_SKIP_RULEDEFAULT"}},"breadcrumbsFont":{"family":"Default","variation":"Default","size":"CT_CSS_SKIP_RULE","line-height":"CT_CSS_SKIP_RULE","letter-spacing":"CT_CSS_SKIP_RULE","text-transform":"CT_CSS_SKIP_RULE","text-decoration":"CT_CSS_SKIP_RULE"},"breadcrumbsFontColor":{"default":{"color":"CT_CSS_SKIP_RULEDEFAULT"},"initial":{"color":"CT_CSS_SKIP_RULEDEFAULT"},"hover":{"color":"CT_CSS_SKIP_RULEDEFAULT"}},"pageTitleOverlay":{"background_type":"color","background_pattern":"type-1","background_image":{"attachment_id":null,"x":0,"y":0},"gradient":"linear-gradient(135deg,rgba(6,147,227,1) 0%,rgb(155,81,224) 100%)","background_repeat":"repeat","background_size":"auto","background_attachment":"scroll","patternColor":{"default":{"color":"#e5e7ea"}},"overlayColor":{"default":{"color":"CT_CSS_SKIP_RULE"}},"backgroundColor":{"default":{"color":"CT_CSS_SKIP_RULE"}}},"pageTitleBackground":{"background_type":"color","background_pattern":"type-1","background_image":{"attachment_id":null,"x":0,"y":0},"gradient":"linear-gradient(135deg,rgba(6,147,227,1) 0%,rgb(155,81,224) 100%)","background_repeat":"repeat","background_size":"auto","background_attachment":"scroll","patternColor":{"default":{"color":"#e5e7ea"}},"overlayColor":{"default":{"color":"CT_CSS_SKIP_RULE"}},"backgroundColor":{"default":{"color":"var(--theme-palette-color-6)"}}},"pageTitlePadding":{"top":"50px","bottom":"50px","left":"auto","right":"auto","linked":true},"4e40e28dc9e27271a6136ded69e6721b":"","page_structure_type":"default","cdd419cc57d6918e5cb5fe5656dca28a":"","content_style_source":"inherit","content_style":"wide","vertical_spacing_source":"custom","content_area_spacing":"none","background":{"background_type":"color","background_pattern":"type-1","background_image":{"attachment_id":null,"x":0,"y":0},"gradient":"linear-gradient(135deg,rgba(6,147,227,1) 0%,rgb(155,81,224) 100%)","background_repeat":"repeat","background_size":"auto","background_attachment":"scroll","patternColor":{"default":{"color":"#e5e7ea"}},"overlayColor":{"default":{"color":"CT_CSS_SKIP_RULE"}},"backgroundColor":{"default":{"color":"CT_CSS_SKIP_RULE"}}},"content_background":{"background_type":"color","background_pattern":"type-1","background_image":{"attachment_id":null,"x":0,"y":0},"gradient":"linear-gradient(135deg,rgba(6,147,227,1) 0%,rgb(155,81,224) 100%)","background_repeat":"repeat","background_size":"auto","background_attachment":"scroll","patternColor":{"default":{"color":"#e5e7ea"}},"overlayColor":{"default":{"color":"CT_CSS_SKIP_RULE"}},"backgroundColor":{"default":{"color":"var(--theme-palette-color-8)"}}},"content_boxed_shadow":{"inherit":false,"blur":18,"spread":-6,"v_offset":12,"h_offset":0,"inset":false,"enable":true,"color":{"color":"rgba(34, 56, 101, 0.04)"}},"content_boxed_border":{"width":1,"style":"none","color":{"color":"rgba(44,62,80,0.2)"}},"content_boxed_radius":{"top":"3px","bottom":"3px","left":"3px","right":"3px","linked":true},"boxed_content_spacing":{"desktop":{"top":"40px","bottom":"40px","left":"40px","right":"40px","linked":true},"tablet":{"top":"35px","bottom":"35px","left":"35px","right":"35px","linked":true},"mobile":{"top":"20px","bottom":"20px","left":"20px","right":"20px","linked":true}},"ed2fb214e346a02e4d3e1d82b2b93cf9":"","disable_featured_image":"no","disable_share_box":"no","disable_header":"no","disable_footer":"no"},"uagb_featured_image_src":{"full":false,"thumbnail":false,"medium":false,"medium_large":false,"large":false,"1536x1536":false,"2048x2048":false},"uagb_author_info":{"display_name":"admin6288","author_link":"https:\/\/fredgad.ovh\/index.php\/author\/admin6288\/"},"uagb_comment_info":0,"uagb_excerpt":"Work Hours Mon &#8211; Sun \/ 12 am &#8211; 12pm Book a Table (850) 324-7023 Best Menu Taste the difference Le Terroir Au c\u0153ur du vignoble de Savoie, le domaine de 4,5 hectares s&rsquo;\u00e9tend sur les coteaux de Chignin, Apremont, et Myans. Les parcelles b\u00e9n\u00e9ficient d&rsquo;un ensoleillement exceptionnel qui permet au raisin d&rsquo;acqu\u00e9rir une belle\u2026","_links":{"self":[{"href":"https:\/\/fredgad.ovh\/index.php\/wp-json\/wp\/v2\/pages\/1937","targetHints":{"allow":["GET"]}}],"collection":[{"href":"https:\/\/fredgad.ovh\/index.php\/wp-json\/wp\/v2\/pages"}],"about":[{"href":"https:\/\/fredgad.ovh\/index.php\/wp-json\/wp\/v2\/types\/page"}],"author":[{"embeddable":true,"href":"https:\/\/fredgad.ovh\/index.php\/wp-json\/wp\/v2\/users\/1"}],"replies":[{"embeddable":true,"href":"https:\/\/fredgad.ovh\/index.php\/wp-json\/wp\/v2\/comments?post=1937"}],"version-history":[{"count":63,"href":"https:\/\/fredgad.ovh\/index.php\/wp-json\/wp\/v2\/pages\/1937\/revisions"}],"predecessor-version":[{"id":2021,"href":"https:\/\/fredgad.ovh\/index.php\/wp-json\/wp\/v2\/pages\/1937\/revisions\/2021"}],"wp:attachment":[{"href":"https:\/\/fredgad.ovh\/index.php\/wp-json\/wp\/v2\/media?parent=1937"}],"curies":[{"name":"wp","href":"https:\/\/api.w.org\/{rel}","templated":true}]}}